{"id":16,"date":"2025-08-16T12:45:37","date_gmt":"2025-08-16T12:45:37","guid":{"rendered":"http:\/\/lewandowskicukiernia.pl\/?page_id=16"},"modified":"2025-08-16T13:36:00","modified_gmt":"2025-08-16T13:36:00","slug":"o-nas","status":"publish","type":"page","link":"https:\/\/lewandowskicukiernia.pl\/index.php\/o-nas\/","title":{"rendered":"O nas"},"content":{"rendered":"<p>[et_pb_section fb_built=&#8221;1&#8243; _builder_version=&#8221;4.27.4&#8243; _module_preset=&#8221;default&#8221; global_colors_info=&#8221;{}&#8221; theme_builder_area=&#8221;post_content&#8221;][et_pb_row _builder_version=&#8221;4.27.4&#8243; _module_preset=&#8221;default&#8221; global_colors_info=&#8221;{}&#8221; theme_builder_area=&#8221;post_content&#8221;][et_pb_column type=&#8221;4_4&#8243; _builder_version=&#8221;4.27.4&#8243; _module_preset=&#8221;default&#8221; global_colors_info=&#8221;{}&#8221; theme_builder_area=&#8221;post_content&#8221;][et_pb_text _builder_version=&#8221;4.27.4&#8243; _module_preset=&#8221;default&#8221; text_font_size=&#8221;16px&#8221; text_line_height=&#8221;1.9em&#8221; header_font=&#8221;|700|||||||&#8221; header_font_size=&#8221;3em&#8221; header_2_font_size=&#8221;2em&#8221; hover_enabled=&#8221;0&#8243; text_font_size_tablet=&#8221;12px&#8221; text_font_size_phone=&#8221;10px&#8221; text_font_size_last_edited=&#8221;on|phone&#8221; header_2_font_size_tablet=&#8221;2em&#8221; header_2_font_size_phone=&#8221;1.6em&#8221; header_2_font_size_last_edited=&#8221;on|phone&#8221; global_colors_info=&#8221;{}&#8221; theme_builder_area=&#8221;post_content&#8221; custom_padding=&#8221;||0px|||&#8221; sticky_enabled=&#8221;0&#8243;]<\/p>\n<h1 style=\"text-align: center;\">Cukiernia Lewandowski Miko\u0142\u00f3w<\/h1>\n<h2 style=\"text-align: center;\"><strong>Twoja <span style=\"color: #ff6767;\">lokalna cukiernia<\/span> &#8211; postaw na jako\u015b\u0107<\/strong><\/h2>\n<p>&nbsp;<\/p>\n<p class=\"text-center \">Zanim odkryjecie Pa\u0144stwo szeroki asortymentem ciast, tort\u00f3w i ciasteczek autorskiej produkcji naszej rodzinnej firmy, pozw\u00f3lcie, \u017ce przybli\u017cymy Pa\u0144stwu troch\u0119 historii\u2026<br \/>Pomimo trudnych pierwszych kroczk\u00f3w w budowaniu w\u0142asnego interesu, stawianych u schy\u0142ku niesprzyjaj\u0105cego prowadzeniu w\u0142asnej dzia\u0142alno\u015bci PRL-u, wytrwa\u0142o\u015b\u0107, pasja oraz zaanga\u017cowanie za\u0142o\u017cyciela i mistrza cukiernictwa Andrzeja Lewandowskiego, jak r\u00f3wnie\u017c \u017cyczliwo\u015b\u0107 spotkanych na jego drodze os\u00f3b czy pomoc rodziny pozwoli\u0142y utrzyma\u0107 si\u0119 naszej cukierni na miko\u0142owskim rynku, \u017ceby nast\u0119pnie rozwija\u0107 si\u0119 dla Pa\u0144stwa w duchu \u015bl\u0105skiej receptury i tradycji!<\/p>\n<p class=\"text-center \">Tym samym, niezmiennie od ponad ju\u017c trzech dekad, codziennie staramy si\u0119 satysfakcjonowa\u0107 Pa\u0144stwa smakiem naszych pysznych, \u015bwie\u017cych wypiek\u00f3w!<br \/>Ci\u0119\u017cka praca wielu ludzi, naszej zaanga\u017cowanej kadry i przyjaci\u00f3\u0142 firmy sprawi\u0142a, \u017ce dzi\u015b mo\u017cemy z dum\u0105 powiedzie\u0107, \u017ce od lat cieszymy si\u0119 Pa\u0144stwa zaufaniem nie tylko na terenie Miko\u0142owa, ale r\u00f3wnie\u017c Tych\u00f3w i Katowic.<\/p>\n<p class=\"text-center \"><strong>Zapraszamy do zapoznania si\u0119 z pe\u0142n\u0105 ofert\u0105 naszych produkt\u00f3w.<\/strong><\/p>\n<p>[\/et_pb_text][\/et_pb_column][\/et_pb_row][et_pb_row _builder_version=&#8221;4.27.4&#8243; _module_preset=&#8221;default&#8221; theme_builder_area=&#8221;post_content&#8221; column_structure=&#8221;1_3,1_3,1_3&#8243; hover_enabled=&#8221;0&#8243; sticky_enabled=&#8221;0&#8243;][et_pb_column _builder_version=&#8221;4.27.4&#8243; _module_preset=&#8221;default&#8221; type=&#8221;1_3&#8243; theme_builder_area=&#8221;post_content&#8221;][et_pb_circle_counter title=&#8221;Lat do\u015bwiadczenia&#8221; number=&#8221;40&#8243; _builder_version=&#8221;4.27.4&#8243; _module_preset=&#8221;default&#8221; theme_builder_area=&#8221;post_content&#8221; percent_sign=&#8221;off&#8221; title_text_color=&#8221;#FF6767&#8243; sticky_enabled=&#8221;0&#8243; title_font=&#8221;|800|||||||&#8221;][\/et_pb_circle_counter][\/et_pb_column][et_pb_column _builder_version=&#8221;4.27.4&#8243; _module_preset=&#8221;default&#8221; type=&#8221;1_3&#8243; theme_builder_area=&#8221;post_content&#8221;][et_pb_circle_counter title=&#8221;Wypieczonych ciastek&#8221; number=&#8221;2567823&#8243; _builder_version=&#8221;4.27.4&#8243; _module_preset=&#8221;default&#8221; theme_builder_area=&#8221;post_content&#8221; percent_sign=&#8221;off&#8221; title_text_color=&#8221;#FF6767&#8243; hover_enabled=&#8221;0&#8243; sticky_enabled=&#8221;0&#8243; title_font=&#8221;|800|||||||&#8221;][\/et_pb_circle_counter][\/et_pb_column][et_pb_column _builder_version=&#8221;4.27.4&#8243; _module_preset=&#8221;default&#8221; type=&#8221;1_3&#8243; theme_builder_area=&#8221;post_content&#8221;][et_pb_circle_counter title=&#8221;Zadowolonych klient\u00f3w&#8221; number=&#8221;153569&#8243; _builder_version=&#8221;4.27.4&#8243; _module_preset=&#8221;default&#8221; theme_builder_area=&#8221;post_content&#8221; percent_sign=&#8221;off&#8221; title_text_color=&#8221;#FF6767&#8243; sticky_enabled=&#8221;0&#8243; title_font=&#8221;|800|||||||&#8221;][\/et_pb_circle_counter][\/et_pb_column][\/et_pb_row][\/et_pb_section][et_pb_section fb_built=&#8221;1&#8243; _builder_version=&#8221;4.27.4&#8243; _module_preset=&#8221;default&#8221; custom_padding=&#8221;0px||0px||false|false&#8221; global_colors_info=&#8221;{}&#8221; theme_builder_area=&#8221;post_content&#8221;][et_pb_row _builder_version=&#8221;4.27.4&#8243; _module_preset=&#8221;default&#8221; global_colors_info=&#8221;{}&#8221; theme_builder_area=&#8221;post_content&#8221;][et_pb_column type=&#8221;4_4&#8243; _builder_version=&#8221;4.27.4&#8243; _module_preset=&#8221;default&#8221; global_colors_info=&#8221;{}&#8221; theme_builder_area=&#8221;post_content&#8221;][et_pb_text _builder_version=&#8221;4.27.4&#8243; _module_preset=&#8221;default&#8221; text_font_size=&#8221;16px&#8221; text_line_height=&#8221;1.9em&#8221; header_font=&#8221;|700|||||||&#8221; header_font_size=&#8221;3em&#8221; header_2_font_size=&#8221;2em&#8221; header_4_font=&#8221;|700|||||||&#8221; header_4_text_color=&#8221;#333333&#8243; header_4_font_size=&#8221;3em&#8221; text_font_size_tablet=&#8221;12px&#8221; text_font_size_phone=&#8221;10px&#8221; text_font_size_last_edited=&#8221;on|phone&#8221; header_2_font_size_tablet=&#8221;2em&#8221; header_2_font_size_phone=&#8221;1.6em&#8221; header_2_font_size_last_edited=&#8221;on|phone&#8221; global_colors_info=&#8221;{}&#8221; theme_builder_area=&#8221;post_content&#8221;]<\/p>\n<h4 style=\"text-align: left;\">Skontaktuj si\u0119 <span style=\"color: #ff6767;\">z nami<\/span><\/h4>\n<p>[\/et_pb_text][\/et_pb_column][\/et_pb_row][\/et_pb_section][et_pb_section fb_built=&#8221;1&#8243; specialty=&#8221;on&#8221; _builder_version=&#8221;4.27.4&#8243; _module_preset=&#8221;default&#8221; global_colors_info=&#8221;{}&#8221; theme_builder_area=&#8221;post_content&#8221;][et_pb_column type=&#8221;1_3&#8243; _builder_version=&#8221;4.16&#8243; custom_padding=&#8221;|||&#8221; global_colors_info=&#8221;{}&#8221; custom_padding__hover=&#8221;|||&#8221; theme_builder_area=&#8221;post_content&#8221;][et_pb_text ul_position=&#8221;inside&#8221; _builder_version=&#8221;4.27.4&#8243; _module_preset=&#8221;default&#8221; header_3_font=&#8221;|700|||||||&#8221; global_colors_info=&#8221;{}&#8221; theme_builder_area=&#8221;post_content&#8221;]<\/p>\n<h3>Miko\u0142\u00f3w \u2013 siedziba g\u0142\u00f3wna<\/h3>\n<ul>\n<li>ul. Lompy 7<\/li>\n<li>43-190 Miko\u0142\u00f3w<\/li>\n<li>poniedzia\u0142ek-pi\u0105tek 7:00-16:30<\/li>\n<li>sobota 7:00-13:00<\/li>\n<\/ul>\n<p><strong>Telefon:<\/strong><\/p>\n<ul>\n<li>(+48) 508 185 320<\/li>\n<li>(32) 226 36 52<\/li>\n<\/ul>\n<p>[\/et_pb_text][\/et_pb_column][et_pb_column type=&#8221;2_3&#8243; specialty_columns=&#8221;2&#8243; _builder_version=&#8221;4.16&#8243; custom_padding=&#8221;|||&#8221; global_colors_info=&#8221;{}&#8221; custom_padding__hover=&#8221;|||&#8221; theme_builder_area=&#8221;post_content&#8221;][et_pb_row_inner column_structure=&#8221;1_2,1_2&#8243; _builder_version=&#8221;4.27.4&#8243; _module_preset=&#8221;default&#8221; global_colors_info=&#8221;{}&#8221; theme_builder_area=&#8221;post_content&#8221;][et_pb_column_inner type=&#8221;1_2&#8243; saved_specialty_column_type=&#8221;2_3&#8243; _builder_version=&#8221;4.27.4&#8243; _module_preset=&#8221;default&#8221; global_colors_info=&#8221;{}&#8221; theme_builder_area=&#8221;post_content&#8221;][et_pb_text ul_position=&#8221;inside&#8221; _builder_version=&#8221;4.27.4&#8243; _module_preset=&#8221;default&#8221; header_3_font=&#8221;|700|||||||&#8221; global_colors_info=&#8221;{}&#8221; theme_builder_area=&#8221;post_content&#8221;]<\/p>\n<h3><span>Tychy<\/span><\/h3>\n<ul>\n<li><span>R\u00f3g al. Niepodleg\u0142o\u015bci i <\/span><span>ul. Wyszy\u0144skiego<\/span><\/li>\n<li><span>43-100 Tychy<\/span><\/li>\n<li><span>poniedzia\u0142ek-pi\u0105tek 7:00-17:00<\/span><\/li>\n<li><span>sobota 7:00-13:00<\/span><\/li>\n<\/ul>\n<p>[\/et_pb_text][et_pb_text ul_position=&#8221;inside&#8221; _builder_version=&#8221;4.27.4&#8243; _module_preset=&#8221;default&#8221; header_3_font=&#8221;|700|||||||&#8221; global_colors_info=&#8221;{}&#8221; theme_builder_area=&#8221;post_content&#8221;]<\/p>\n<h3><span>Tychy<\/span><\/h3>\n<ul>\n<li><span>ul. D\u0119bowa, Plac Targowy pawilon 33<\/span><\/li>\n<li><span>43-100 Tychy<\/span><\/li>\n<li><span>poniedzia\u0142ek-pi\u0105tek 7:00-17:00<\/span><\/li>\n<li><span>sobota 7:00-13:00<\/span><\/li>\n<\/ul>\n<p>[\/et_pb_text][\/et_pb_column_inner][et_pb_column_inner type=&#8221;1_2&#8243; saved_specialty_column_type=&#8221;2_3&#8243; _builder_version=&#8221;4.27.4&#8243; _module_preset=&#8221;default&#8221; global_colors_info=&#8221;{}&#8221; theme_builder_area=&#8221;post_content&#8221;][et_pb_text ul_position=&#8221;inside&#8221; _builder_version=&#8221;4.27.4&#8243; _module_preset=&#8221;default&#8221; header_3_font=&#8221;|700|||||||&#8221; global_colors_info=&#8221;{}&#8221; theme_builder_area=&#8221;post_content&#8221;]<\/p>\n<h3><span>Katowice<\/span><\/h3>\n<ul>\n<li><span>ul. S\u0142upska 4<\/span><\/li>\n<li><span>40-075 Katowice, Ligota<\/span><\/li>\n<li><span>poniedzia\u0142ek-pi\u0105tek 7:00-17:00<\/span><\/li>\n<li><span>sobota 7:00-14:00<\/span><\/li>\n<\/ul>\n<p>[\/et_pb_text][et_pb_text ul_position=&#8221;inside&#8221; _builder_version=&#8221;4.27.4&#8243; _module_preset=&#8221;default&#8221; header_3_font=&#8221;|700|||||||&#8221; global_colors_info=&#8221;{}&#8221; theme_builder_area=&#8221;post_content&#8221;]<\/p>\n<h3><span>Katowice<\/span><\/h3>\n<ul>\n<li><span>ul. Panewnicka 43<\/span><\/li>\n<li><span>poniedzia\u0142ek-pi\u0105tek 7:30-17:00<\/span><\/li>\n<li><span>sobota\u00a0 7:30-14:00<\/span><\/li>\n<li><span>niedziela 8:00-15:00<\/span><\/li>\n<\/ul>\n<p>[\/et_pb_text][\/et_pb_column_inner][\/et_pb_row_inner][\/et_pb_column][\/et_pb_section]<\/p>\n","protected":false},"excerpt":{"rendered":"<p>Cukiernia Lewandowski Miko\u0142\u00f3w Twoja lokalna cukiernia &#8211; postaw na jako\u015b\u0107 &nbsp; Zanim odkryjecie Pa\u0144stwo szeroki asortymentem ciast, tort\u00f3w i ciasteczek autorskiej produkcji naszej rodzinnej firmy, pozw\u00f3lcie, \u017ce przybli\u017cymy Pa\u0144stwu troch\u0119 historii\u2026Pomimo trudnych pierwszych kroczk\u00f3w w budowaniu w\u0142asnego interesu, stawianych u schy\u0142ku niesprzyjaj\u0105cego prowadzeniu w\u0142asnej dzia\u0142alno\u015bci PRL-u, wytrwa\u0142o\u015b\u0107, pasja oraz zaanga\u017cowanie za\u0142o\u017cyciela i mistrza cukiernictwa Andrzeja [&hellip;]<\/p>\n","protected":false},"author":1,"featured_media":0,"parent":0,"menu_order":0,"comment_status":"closed","ping_status":"closed","template":"","meta":{"_et_pb_use_builder":"on","_et_pb_old_content":"<!-- wp:divi\/placeholder \/-->","_et_gb_content_width":"","footnotes":""},"class_list":["post-16","page","type-page","status-publish","hentry"],"aioseo_notices":[],"_links":{"self":[{"href":"https:\/\/lewandowskicukiernia.pl\/index.php\/wp-json\/wp\/v2\/pages\/16","targetHints":{"allow":["GET"]}}],"collection":[{"href":"https:\/\/lewandowskicukiernia.pl\/index.php\/wp-json\/wp\/v2\/pages"}],"about":[{"href":"https:\/\/lewandowskicukiernia.pl\/index.php\/wp-json\/wp\/v2\/types\/page"}],"author":[{"embeddable":true,"href":"https:\/\/lewandowskicukiernia.pl\/index.php\/wp-json\/wp\/v2\/users\/1"}],"replies":[{"embeddable":true,"href":"https:\/\/lewandowskicukiernia.pl\/index.php\/wp-json\/wp\/v2\/comments?post=16"}],"version-history":[{"count":4,"href":"https:\/\/lewandowskicukiernia.pl\/index.php\/wp-json\/wp\/v2\/pages\/16\/revisions"}],"predecessor-version":[{"id":80,"href":"https:\/\/lewandowskicukiernia.pl\/index.php\/wp-json\/wp\/v2\/pages\/16\/revisions\/80"}],"wp:attachment":[{"href":"https:\/\/lewandowskicukiernia.pl\/index.php\/wp-json\/wp\/v2\/media?parent=16"}],"curies":[{"name":"wp","href":"https:\/\/api.w.org\/{rel}","templated":true}]}}